{"id":4463,"date":"2021-09-24T15:00:17","date_gmt":"2021-09-24T13:00:17","guid":{"rendered":"https:\/\/sedamyl.com\/sostenibilita\/quality\/"},"modified":"2021-10-19T15:29:49","modified_gmt":"2021-10-19T13:29:49","slug":"qualita","status":"publish","type":"page","link":"https:\/\/sedamyl.com\/it\/sostenibilita\/qualita\/","title":{"rendered":"Qualit\u00e0"},"content":{"rendered":"<p>Per noi la qualit\u00e0 \u00e8 un elemento imprescindibile, a cui non siamo disposti a rinunciare.<\/p>\n","protected":false},"excerpt":{"rendered":"<p>Per noi la qualit\u00e0 \u00e8 un elemento imprescindibile, a cui non siamo disposti a rinunciare.<\/p>\n","protected":false},"author":1,"featured_media":0,"parent":4318,"menu_order":0,"comment_status":"closed","ping_status":"closed","template":"template-quality.php","meta":{"_acf_changed":false,"footnotes":""},"class_list":["post-4463","page","type-page","status-publish","hentry"],"acf":[],"aioseo_notices":[],"_links":{"self":[{"href":"https:\/\/sedamyl.com\/it\/wp-json\/wp\/v2\/pages\/4463","targetHints":{"allow":["GET"]}}],"collection":[{"href":"https:\/\/sedamyl.com\/it\/wp-json\/wp\/v2\/pages"}],"about":[{"href":"https:\/\/sedamyl.com\/it\/wp-json\/wp\/v2\/types\/page"}],"author":[{"embeddable":true,"href":"https:\/\/sedamyl.com\/it\/wp-json\/wp\/v2\/users\/1"}],"replies":[{"embeddable":true,"href":"https:\/\/sedamyl.com\/it\/wp-json\/wp\/v2\/comments?post=4463"}],"version-history":[{"count":24,"href":"https:\/\/sedamyl.com\/it\/wp-json\/wp\/v2\/pages\/4463\/revisions"}],"predecessor-version":[{"id":4736,"href":"https:\/\/sedamyl.com\/it\/wp-json\/wp\/v2\/pages\/4463\/revisions\/4736"}],"up":[{"embeddable":true,"href":"https:\/\/sedamyl.com\/it\/wp-json\/wp\/v2\/pages\/4318"}],"wp:attachment":[{"href":"https:\/\/sedamyl.com\/it\/wp-json\/wp\/v2\/media?parent=4463"}],"curies":[{"name":"wp","href":"https:\/\/api.w.org\/{rel}","templated":true}]}}