{"id":6760,"date":"2023-03-06T10:09:12","date_gmt":"2023-03-06T09:09:12","guid":{"rendered":"https:\/\/sedamyl.com\/?page_id=6760"},"modified":"2023-03-06T10:56:36","modified_gmt":"2023-03-06T09:56:36","slug":"oreste-frandino","status":"publish","type":"page","link":"https:\/\/sedamyl.com\/it\/oreste-frandino\/","title":{"rendered":"Oreste Frandino"},"content":{"rendered":"\n<style type=\"text\/css\" data-created_by=\"avia_inline_auto\" id=\"style-css-av-5a3eso-8e9e81dda72c752596816e4051202c19\">\n.flex_column.av-5a3eso-8e9e81dda72c752596816e4051202c19{\nborder-radius:0px 0px 0px 0px;\npadding:0px 0px 0px 0px;\n}\n<\/style>\n<div  class='flex_column av-5a3eso-8e9e81dda72c752596816e4051202c19 av_one_half  avia-builder-el-0  el_before_av_one_half  avia-builder-el-first  first flex_column_div av-zero-column-padding  '     ><style type=\"text\/css\" data-created_by=\"avia_inline_auto\" id=\"style-css-av-l5s8xqkq-edd1c0967e446f2a3864a6e1ab9a5409\">\n.avia-image-container.av-l5s8xqkq-edd1c0967e446f2a3864a6e1ab9a5409 img.avia_image{\nbox-shadow:none;\n}\n.avia-image-container.av-l5s8xqkq-edd1c0967e446f2a3864a6e1ab9a5409 .av-image-caption-overlay-center{\ncolor:#ffffff;\n}\n<\/style>\n<div  class='avia-image-container av-l5s8xqkq-edd1c0967e446f2a3864a6e1ab9a5409 av-styling-no-styling avia-align-center  avia-builder-el-1  avia-builder-el-no-sibling '   itemprop=\"image\" itemscope=\"itemscope\" itemtype=\"https:\/\/schema.org\/ImageObject\" ><div class=\"avia-image-container-inner\"><div class=\"avia-image-overlay-wrap\"><img decoding=\"async\" fetchpriority=\"high\" class='wp-image-6764 avia-img-lazy-loading-not-6764 avia_image ' src=\"https:\/\/sedamyl.com\/wp-content\/uploads\/2023\/03\/Oreste_Frandino.png\" alt='' title='Oreste_Frandino'  height=\"1079\" width=\"1000\"  itemprop=\"thumbnailUrl\" srcset=\"https:\/\/sedamyl.com\/wp-content\/uploads\/2023\/03\/Oreste_Frandino.png 1000w, https:\/\/sedamyl.com\/wp-content\/uploads\/2023\/03\/Oreste_Frandino-278x300.png 278w, https:\/\/sedamyl.com\/wp-content\/uploads\/2023\/03\/Oreste_Frandino-768x829.png 768w, https:\/\/sedamyl.com\/wp-content\/uploads\/2023\/03\/Oreste_Frandino-955x1030.png 955w, https:\/\/sedamyl.com\/wp-content\/uploads\/2023\/03\/Oreste_Frandino-653x705.png 653w, https:\/\/sedamyl.com\/wp-content\/uploads\/2023\/03\/Oreste_Frandino-450x486.png 450w\" sizes=\"(max-width: 1000px) 100vw, 1000px\" \/><\/div><\/div><\/div><\/div>\n\n<style type=\"text\/css\" data-created_by=\"avia_inline_auto\" id=\"style-css-av-4iawa0-1f7fb22d8173d6204ed03437bb23468c\">\n.flex_column.av-4iawa0-1f7fb22d8173d6204ed03437bb23468c{\nborder-radius:0px 0px 0px 0px;\npadding:0px 0px 0px 0px;\n}\n<\/style>\n<div  class='flex_column av-4iawa0-1f7fb22d8173d6204ed03437bb23468c av_one_half  avia-builder-el-2  el_after_av_one_half  avia-builder-el-last  flex_column_div av-zero-column-padding  '     ><section  class='av_textblock_section av-l5sa476y-17f3b90f47143a4fbbc77eea4a152c3c '   itemscope=\"itemscope\" itemtype=\"https:\/\/schema.org\/CreativeWork\" ><div class='avia_textblock'  itemprop=\"text\" ><h2><strong>Oreste Frandino<br \/>\n<\/strong><\/h2>\n<h3><strong>1941 &#8211; 2023<\/strong><\/h3>\n<\/div><\/section><br \/>\n<div  class='hr av-33swqw-6fe1f3e3df714d62272ade964688efe8 hr-default  avia-builder-el-4  el_after_av_textblock  el_before_av_textblock '><span class='hr-inner '><span class=\"hr-inner-style\"><\/span><\/span><\/div><br \/>\n<section  class='av_textblock_section av-l5s8yzyn-3f1af7cdab3efb5cbbcbb0fc891142e2 '   itemscope=\"itemscope\" itemtype=\"https:\/\/schema.org\/CreativeWork\" ><div class='avia_textblock'  itemprop=\"text\" ><p>\u00c8 con grande tristezza che annunciamo la scomparsa di <strong>Oreste Frandino<\/strong>, Presidente e Co-fondatore dell&#8217;azienda.<\/p>\n<p>Per pi\u00f9 di 60 anni, Oreste ha plasmato il gruppo con il suo esempio, la sua dedizione, la sua conoscenza della fabbrica, la sua capacit\u00e0 unica di ascoltare chi lavora con lui e la sua saggia visione imprenditoriale.<\/p>\n<p>Sedamyl era la sua casa e la perdita che sentiamo oggi \u00e8 grande, ma il suo duro lavoro \u00e8 davanti a noi e rimarr\u00e0 sempre nei nostri cuori.<\/p>\n<p>La famiglia Frandino<\/p>\n<\/div><\/section><br \/>\n<div  class='hr av-l5sa2zxv-1b7af350e2bf4dce4430c46dcbea52ae hr-default  avia-builder-el-6  el_after_av_textblock  el_before_av_button '><span class='hr-inner '><span class=\"hr-inner-style\"><\/span><\/span><\/div><br \/>\n<div  class='avia-button-wrap av-l5sa2613-5d351ff04b917354f398bd24620fcf17-wrap avia-button-left  avia-builder-el-7  el_after_av_hr  avia-builder-el-last '><a href='https:\/\/sedamyl.com\/it\/homepage\/'  class='avia-button av-l5sa2613-5d351ff04b917354f398bd24620fcf17 av-link-btn avia-icon_select-no avia-size-medium avia-position-left avia-color-theme-color'   aria-label=\"Continua sul sito\"><span class='avia_iconbox_title' >Continua sul sito<\/span><\/a><\/div><\/p><\/div>\n","protected":false},"excerpt":{"rendered":"","protected":false},"author":6,"featured_media":0,"parent":0,"menu_order":0,"comment_status":"closed","ping_status":"closed","template":"","meta":{"_acf_changed":false,"footnotes":""},"class_list":["post-6760","page","type-page","status-publish","hentry"],"acf":[],"aioseo_notices":[],"_links":{"self":[{"href":"https:\/\/sedamyl.com\/it\/wp-json\/wp\/v2\/pages\/6760","targetHints":{"allow":["GET"]}}],"collection":[{"href":"https:\/\/sedamyl.com\/it\/wp-json\/wp\/v2\/pages"}],"about":[{"href":"https:\/\/sedamyl.com\/it\/wp-json\/wp\/v2\/types\/page"}],"author":[{"embeddable":true,"href":"https:\/\/sedamyl.com\/it\/wp-json\/wp\/v2\/users\/6"}],"replies":[{"embeddable":true,"href":"https:\/\/sedamyl.com\/it\/wp-json\/wp\/v2\/comments?post=6760"}],"version-history":[{"count":5,"href":"https:\/\/sedamyl.com\/it\/wp-json\/wp\/v2\/pages\/6760\/revisions"}],"predecessor-version":[{"id":6841,"href":"https:\/\/sedamyl.com\/it\/wp-json\/wp\/v2\/pages\/6760\/revisions\/6841"}],"wp:attachment":[{"href":"https:\/\/sedamyl.com\/it\/wp-json\/wp\/v2\/media?parent=6760"}],"curies":[{"name":"wp","href":"https:\/\/api.w.org\/{rel}","templated":true}]}}