{"id":767,"date":"2019-07-24T20:26:35","date_gmt":"2019-07-24T18:26:35","guid":{"rendered":"http:\/\/sedamyl.com\/our-values\/"},"modified":"2022-06-23T17:30:33","modified_gmt":"2022-06-23T15:30:33","slug":"our-values","status":"publish","type":"page","link":"https:\/\/sedamyl.com\/it\/our-values\/","title":{"rendered":"I nostri valori"},"content":{"rendered":"\n<style type=\"text\/css\" data-created_by=\"avia_inline_auto\" id=\"style-css-av-e8bug-9493fea9eb92a6deb522f43b2f975ef1\">\n.avia-section.av-e8bug-9493fea9eb92a6deb522f43b2f975ef1{\nbackground-repeat:no-repeat;\nbackground-image:url(https:\/\/sedamyl.com\/wp-content\/uploads\/2019\/07\/sm_our_values_canvas.jpg);\nbackground-position:50% 50%;\nbackground-attachment:fixed;\n}\n<\/style>\n<div id='av_section_1'  class='avia-section av-e8bug-9493fea9eb92a6deb522f43b2f975ef1 main_color avia-section-default avia-no-border-styling  avia-builder-el-0  el_before_av_section  avia-builder-el-first  our-values-canvas avia-bg-style-fixed av-minimum-height av-minimum-height-75 av-height-75  container_wrap fullsize'  data-section-bg-repeat='no-repeat' data-av_minimum_height_pc='75' data-av_min_height_opt='75'><div class='container av-section-cont-open' ><main  role=\"main\" itemprop=\"mainContentOfPage\"  class='template-page content  av-content-full alpha units'><div class='post-entry post-entry-type-page post-entry-767'><div class='entry-content-wrapper clearfix'>\n\n<style type=\"text\/css\" data-created_by=\"avia_inline_auto\" id=\"style-css-av-7sbzs-2b6c8bd9b1357d713a2edbc87f861125\">\n.flex_column.av-7sbzs-2b6c8bd9b1357d713a2edbc87f861125{\nborder-radius:0px 0px 0px 0px;\npadding:0px 0px 0px 0px;\n}\n<\/style>\n<div  class='flex_column av-7sbzs-2b6c8bd9b1357d713a2edbc87f861125 av_one_full  avia-builder-el-1  avia-builder-el-no-sibling  first flex_column_div av-animated-generic fade-in av-zero-column-padding  '     ><p>\n<style type=\"text\/css\" data-created_by=\"avia_inline_auto\" id=\"style-css-av-jz2n6v3n-e6dc90658e7b891e4449cdae4958eb4a\">\n#top .av-special-heading.av-jz2n6v3n-e6dc90658e7b891e4449cdae4958eb4a{\npadding-bottom:10px;\n}\nbody .av-special-heading.av-jz2n6v3n-e6dc90658e7b891e4449cdae4958eb4a .av-special-heading-tag .heading-char{\nfont-size:25px;\n}\n.av-special-heading.av-jz2n6v3n-e6dc90658e7b891e4449cdae4958eb4a .av-subheading{\nfont-size:15px;\n}\n<\/style>\n<div  class='av-special-heading av-jz2n6v3n-e6dc90658e7b891e4449cdae4958eb4a av-special-heading-h1 blockquote modern-quote modern-centered  avia-builder-el-2  el_before_av_textblock  avia-builder-el-first  modified-h1 white-text'><h1 class='av-special-heading-tag '  itemprop=\"headline\"  >I NOSTRI VALORI<\/h1><div class=\"special-heading-border\"><div class=\"special-heading-inner-border\"><\/div><\/div><\/div><br \/>\n<section  class='av_textblock_section av-jyhkwc9x-2045656dc0d968387386e2fc87447082 '   itemscope=\"itemscope\" itemtype=\"https:\/\/schema.org\/CreativeWork\" ><div class='avia_textblock white-text centered-text max-width-1200 canvas-subtitle values-descr'  itemprop=\"text\" ><p>Eccellenza produttiva e servizio eccezionale. Questi sono i nostri obiettivi.<\/p>\n<\/div><\/section><\/p><\/div>\n\n<\/div><\/div><\/main><!-- close content main element --><\/div><\/div><div id='av_section_2'  class='avia-section av-b0mq0-ef3da417e92ffb739524536d31cc2d93 main_color avia-section-default avia-no-border-styling  avia-builder-el-4  el_after_av_section  el_before_av_section  avia-bg-style-scroll container_wrap fullsize'  ><div class='container av-section-cont-open' ><div class='template-page content  av-content-full alpha units'><div class='post-entry post-entry-type-page post-entry-767'><div class='entry-content-wrapper clearfix'>\n\n<style type=\"text\/css\" data-created_by=\"avia_inline_auto\" id=\"style-css-av-jyjutyqt-6243336703708ec6c760e174e8639fdd\">\n.flex_column.av-jyjutyqt-6243336703708ec6c760e174e8639fdd{\nborder-radius:0px 0px 0px 0px;\npadding:0px 0px 0px 0px;\n}\n<\/style>\n<div  class='flex_column av-jyjutyqt-6243336703708ec6c760e174e8639fdd av_one_full  avia-builder-el-5  avia-builder-el-no-sibling  first flex_column_div av-animated-generic bottom-to-top av-zero-column-padding  '     ><section  class='av_textblock_section av-jyjutpj7-c1346aa7de23e88925206a31a836e6e5 '   itemscope=\"itemscope\" itemtype=\"https:\/\/schema.org\/CreativeWork\" ><div class='avia_textblock'  itemprop=\"text\" ><p>Siamo riconosciuti come uno dei partner pi\u00f9 affidabili sul mercato grazie alla nostra straordinaria disponibilit\u00e0 produttiva e alla nostra agilit\u00e0 nel trasformare le esigenze di ogni cliente in soluzioni rapide ed efficaci.<\/p>\n<p>I nostri obiettivi di eccellenza produttiva e di servizio sono realizzabili grazie ai nostri valori fondanti, che trasmettiamo ai dipendenti e clienti.<\/p>\n<p>La sostenibilit\u00e0 \u00e8 la nostra priorit\u00e0 e la perseguiamo attraverso la trasformazione responsabile delle materie prime, l&#8217;utilizzo rispettoso delle energie e ponendo le esigenze dei nostri collaboratori al centro della nostra filosofia aziendale.<\/p>\n<h4>Siamo un Gruppo di successo perch\u00e9 siamo un Gruppo affidabile.<\/h4>\n<\/div><\/section><\/div>\n\n<\/div><\/div><\/div><!-- close content main div --><\/div><\/div><div id='av_section_3'  class='avia-section av-16908-572b864f4770bc082dbd965153ed1b87 main_color avia-section-default avia-no-border-styling  avia-builder-el-7  el_after_av_section  el_before_av_section  values-row values-first-row full-width-section-mobile avia-bg-style-scroll container_wrap fullsize'  ><div class='container av-section-cont-open' ><div class='template-page content  av-content-full alpha units'><div class='post-entry post-entry-type-page post-entry-767'><div class='entry-content-wrapper clearfix'>\n<div class='flex_column_table av-jyhldi4g-96133a26b604accdca574816eed886e5 sc-av_one_half av-equal-height-column-flextable'>\n<style type=\"text\/css\" data-created_by=\"avia_inline_auto\" id=\"style-css-av-jyhldi4g-96133a26b604accdca574816eed886e5\">\n.flex_column.av-jyhldi4g-96133a26b604accdca574816eed886e5{\nborder-radius:0px 0px 0px 0px;\npadding:0px 0px 0px 0px;\nbackground-color:#fafafa;\n}\n<\/style>\n<div  class='flex_column av-jyhldi4g-96133a26b604accdca574816eed886e5 av_one_half  avia-builder-el-8  el_before_av_one_half  avia-builder-el-first  values-column first flex_column_table_cell av-equal-height-column av-align-top av-animated-generic left-to-right av-zero-column-padding  '     ><p>\n<style type=\"text\/css\" data-created_by=\"avia_inline_auto\" id=\"style-css-av-jyhldyyn-275780d575011197a51db6949bcbac50\">\n.avia-image-container.av-jyhldyyn-275780d575011197a51db6949bcbac50 img.avia_image{\nbox-shadow:none;\n}\n.avia-image-container.av-jyhldyyn-275780d575011197a51db6949bcbac50 .av-image-caption-overlay-center{\ncolor:#ffffff;\n}\n<\/style>\n<div  class='avia-image-container av-jyhldyyn-275780d575011197a51db6949bcbac50 av-styling- avia-align-center  avia-builder-el-9  el_before_av_heading  avia-builder-el-first '   itemprop=\"image\" itemscope=\"itemscope\" itemtype=\"https:\/\/schema.org\/ImageObject\" ><div class=\"avia-image-container-inner\"><div class=\"avia-image-overlay-wrap\"><img decoding=\"async\" fetchpriority=\"high\" class='wp-image-768 avia-img-lazy-loading-not-768 avia_image ' src=\"https:\/\/sedamyl.com\/wp-content\/uploads\/2019\/07\/sm_family_business.jpg\" alt='Frandino family' title='sm_family_business'  height=\"637\" width=\"1200\"  itemprop=\"thumbnailUrl\"  \/><\/div><\/div><\/div><br \/>\n\n<style type=\"text\/css\" data-created_by=\"avia_inline_auto\" id=\"style-css-av-90nz-dfccfc621b3314a3f57d0d57558610a3\">\n#top .av-special-heading.av-90nz-dfccfc621b3314a3f57d0d57558610a3{\npadding-bottom:10px;\n}\nbody .av-special-heading.av-90nz-dfccfc621b3314a3f57d0d57558610a3 .av-special-heading-tag .heading-char{\nfont-size:25px;\n}\n.av-special-heading.av-90nz-dfccfc621b3314a3f57d0d57558610a3 .av-subheading{\nfont-size:15px;\n}\n<\/style>\n<div  class='av-special-heading av-90nz-dfccfc621b3314a3f57d0d57558610a3 av-special-heading-h2 blockquote modern-quote  avia-builder-el-10  el_after_av_image  el_before_av_textblock  modified-h1'><h2 class='av-special-heading-tag '  itemprop=\"headline\"  >Un\u2019azienda familiare<\/h2><div class=\"special-heading-border\"><div class=\"special-heading-inner-border\"><\/div><\/div><\/div><br \/>\n\n<style type=\"text\/css\" data-created_by=\"avia_inline_auto\" id=\"style-css-av-jyhlfad6-6beb03645478b9c19f3ede16ff82d7dc\">\n#top .av_textblock_section.av-jyhlfad6-6beb03645478b9c19f3ede16ff82d7dc .avia_textblock{\ncolor:#717171;\n}\n<\/style>\n<section  class='av_textblock_section av-jyhlfad6-6beb03645478b9c19f3ede16ff82d7dc '   itemscope=\"itemscope\" itemtype=\"https:\/\/schema.org\/CreativeWork\" ><div class='avia_textblock av_inherit_color'  itemprop=\"text\" ><p>Siamo la terza generazione orgogliosamente coinvolta nel management quotidiano dell&#8217;azienda.<br \/>\nIl nostro obiettivo \u00e8 continuare a incrementare il business nei mercati sempre pi\u00f9 complessi di oggi, con la stessa passione dei nostri predecessori.<\/p>\n<\/div><\/section><\/p><\/div><div class='av-flex-placeholder'><\/div>\n<style type=\"text\/css\" data-created_by=\"avia_inline_auto\" id=\"style-css-av-jyhldi4g-b431f9c99361e83062f29a99b1f47215\">\n.flex_column.av-jyhldi4g-b431f9c99361e83062f29a99b1f47215{\nborder-radius:0px 0px 0px 0px;\npadding:0px 0px 0px 0px;\nbackground-color:#fafafa;\n}\n<\/style>\n<div  class='flex_column av-jyhldi4g-b431f9c99361e83062f29a99b1f47215 av_one_half  avia-builder-el-12  el_after_av_one_half  avia-builder-el-last  values-column flex_column_table_cell av-equal-height-column av-align-top av-animated-generic right-to-left av-zero-column-padding  '     ><p>\n<style type=\"text\/css\" data-created_by=\"avia_inline_auto\" id=\"style-css-av-jyhldyyn-2a3eef935d78b1b2bd47a75b707f9357\">\n.avia-image-container.av-jyhldyyn-2a3eef935d78b1b2bd47a75b707f9357 img.avia_image{\nbox-shadow:none;\n}\n.avia-image-container.av-jyhldyyn-2a3eef935d78b1b2bd47a75b707f9357 .av-image-caption-overlay-center{\ncolor:#ffffff;\n}\n<\/style>\n<div  class='avia-image-container av-jyhldyyn-2a3eef935d78b1b2bd47a75b707f9357 av-styling- avia-align-center  avia-builder-el-13  el_before_av_heading  avia-builder-el-first '   itemprop=\"image\" itemscope=\"itemscope\" itemtype=\"https:\/\/schema.org\/ImageObject\" ><div class=\"avia-image-container-inner\"><div class=\"avia-image-overlay-wrap\"><img decoding=\"async\" fetchpriority=\"high\" class='wp-image-1012 avia-img-lazy-loading-not-1012 avia_image ' src=\"https:\/\/sedamyl.com\/wp-content\/uploads\/2019\/07\/sm_best_partner.jpg\" alt='' title='sm_best_partner'  height=\"637\" width=\"1200\"  itemprop=\"thumbnailUrl\"  \/><\/div><\/div><\/div><br \/>\n\n<style type=\"text\/css\" data-created_by=\"avia_inline_auto\" id=\"style-css-av-lgh8f-1cce73d6de98e7ab4a5827a027b8e26f\">\n#top .av-special-heading.av-lgh8f-1cce73d6de98e7ab4a5827a027b8e26f{\npadding-bottom:10px;\n}\nbody .av-special-heading.av-lgh8f-1cce73d6de98e7ab4a5827a027b8e26f .av-special-heading-tag .heading-char{\nfont-size:25px;\n}\n.av-special-heading.av-lgh8f-1cce73d6de98e7ab4a5827a027b8e26f .av-subheading{\nfont-size:15px;\n}\n<\/style>\n<div  class='av-special-heading av-lgh8f-1cce73d6de98e7ab4a5827a027b8e26f av-special-heading-h2 blockquote modern-quote  avia-builder-el-14  el_after_av_image  el_before_av_textblock  modified-h1'><h2 class='av-special-heading-tag '  itemprop=\"headline\"  >Il partner migliore<\/h2><div class=\"special-heading-border\"><div class=\"special-heading-inner-border\"><\/div><\/div><\/div><br \/>\n\n<style type=\"text\/css\" data-created_by=\"avia_inline_auto\" id=\"style-css-av-jyhlfad6-6beb03645478b9c19f3ede16ff82d7dc\">\n#top .av_textblock_section.av-jyhlfad6-6beb03645478b9c19f3ede16ff82d7dc .avia_textblock{\ncolor:#717171;\n}\n<\/style>\n<section  class='av_textblock_section av-jyhlfad6-6beb03645478b9c19f3ede16ff82d7dc '   itemscope=\"itemscope\" itemtype=\"https:\/\/schema.org\/CreativeWork\" ><div class='avia_textblock av_inherit_color'  itemprop=\"text\" ><p>Efficaci e affidabili: consegniamo sempre ci\u00f2 che promettiamo. Come azienda familiare sentiamo profondamente la responsabilit\u00e0 di ogni nostra azione e i valori impartiti dalle generazioni precedenti non sono cambiati: sopra ogni altro, estremo rispetto per i nostri clienti, colleghi e partner commerciali.<\/p>\n<\/div><\/section><\/p><\/div><\/div><!--close column table wrapper. Autoclose: 1 -->\n\n<\/div><\/div><\/div><!-- close content main div --><\/div><\/div><div id='sicurezza-lavoro'  class='avia-section av-16908-6804d1f3899d25e3720b1f2b6e28ae7d main_color avia-section-default avia-no-border-styling  avia-builder-el-16  el_after_av_section  el_before_av_section  values-row values-first-row full-width-section-mobile avia-bg-style-scroll container_wrap fullsize'  ><div class='container av-section-cont-open' ><div class='template-page content  av-content-full alpha units'><div class='post-entry post-entry-type-page post-entry-767'><div class='entry-content-wrapper clearfix'>\n<div class='flex_column_table av-jyhldi4g-3ac56c82c299161dbf939cf5acdd8e12 sc-av_one_full av-equal-height-column-flextable'>\n<style type=\"text\/css\" data-created_by=\"avia_inline_auto\" id=\"style-css-av-jyhldi4g-3ac56c82c299161dbf939cf5acdd8e12\">\n.flex_column.av-jyhldi4g-3ac56c82c299161dbf939cf5acdd8e12{\nborder-radius:0px 0px 0px 0px;\npadding:0px 0px 0px 0px;\nbackground-color:#fafafa;\n}\n<\/style>\n<div  class='flex_column av-jyhldi4g-3ac56c82c299161dbf939cf5acdd8e12 av_one_full  avia-builder-el-17  avia-builder-el-no-sibling  values-column first flex_column_table_cell av-equal-height-column av-align-top av-animated-generic right-to-left av-zero-column-padding  '     ><p>\n<style type=\"text\/css\" data-created_by=\"avia_inline_auto\" id=\"style-css-av-jyhldyyn-c7570fc70faca3148cfc9bc3ef21c2d2\">\n.avia-image-container.av-jyhldyyn-c7570fc70faca3148cfc9bc3ef21c2d2 img.avia_image{\nbox-shadow:none;\n}\n.avia-image-container.av-jyhldyyn-c7570fc70faca3148cfc9bc3ef21c2d2 .av-image-caption-overlay-center{\ncolor:#ffffff;\n}\n<\/style>\n<div  class='avia-image-container av-jyhldyyn-c7570fc70faca3148cfc9bc3ef21c2d2 av-styling- avia-align-center  avia-builder-el-18  el_before_av_heading  avia-builder-el-first '   itemprop=\"image\" itemscope=\"itemscope\" itemtype=\"https:\/\/schema.org\/ImageObject\" ><div class=\"avia-image-container-inner\"><div class=\"avia-image-overlay-wrap\"><img decoding=\"async\" fetchpriority=\"high\" class='wp-image-1008 avia-img-lazy-loading-not-1008 avia_image ' src=\"https:\/\/sedamyl.com\/wp-content\/uploads\/2019\/09\/sedamyl_sicurezza_lavoro_2019-1500x718.jpg\" alt='' title='sedamyl_sicurezza_lavoro_2019'  height=\"718\" width=\"1500\"  itemprop=\"thumbnailUrl\" srcset=\"https:\/\/sedamyl.com\/wp-content\/uploads\/2019\/09\/sedamyl_sicurezza_lavoro_2019-1500x718.jpg 1500w, https:\/\/sedamyl.com\/wp-content\/uploads\/2019\/09\/sedamyl_sicurezza_lavoro_2019-300x144.jpg 300w, https:\/\/sedamyl.com\/wp-content\/uploads\/2019\/09\/sedamyl_sicurezza_lavoro_2019-768x367.jpg 768w, https:\/\/sedamyl.com\/wp-content\/uploads\/2019\/09\/sedamyl_sicurezza_lavoro_2019-1030x493.jpg 1030w, https:\/\/sedamyl.com\/wp-content\/uploads\/2019\/09\/sedamyl_sicurezza_lavoro_2019-705x337.jpg 705w, https:\/\/sedamyl.com\/wp-content\/uploads\/2019\/09\/sedamyl_sicurezza_lavoro_2019-450x215.jpg 450w, https:\/\/sedamyl.com\/wp-content\/uploads\/2019\/09\/sedamyl_sicurezza_lavoro_2019.jpg 1800w\" sizes=\"(max-width: 1500px) 100vw, 1500px\" \/><\/div><\/div><\/div><br \/>\n\n<style type=\"text\/css\" data-created_by=\"avia_inline_auto\" id=\"style-css-av-j16hj-439debb6c0de89d611aaed160773a19e\">\n#top .av-special-heading.av-j16hj-439debb6c0de89d611aaed160773a19e{\npadding-bottom:10px;\n}\nbody .av-special-heading.av-j16hj-439debb6c0de89d611aaed160773a19e .av-special-heading-tag .heading-char{\nfont-size:25px;\n}\n.av-special-heading.av-j16hj-439debb6c0de89d611aaed160773a19e .av-subheading{\nfont-size:15px;\n}\n<\/style>\n<div  class='av-special-heading av-j16hj-439debb6c0de89d611aaed160773a19e av-special-heading-h2 blockquote modern-quote  avia-builder-el-19  el_after_av_image  el_before_av_textblock  modified-h1'><h2 class='av-special-heading-tag '  itemprop=\"headline\"  >La sicurezza prima di tutto<\/h2><div class=\"special-heading-border\"><div class=\"special-heading-inner-border\"><\/div><\/div><\/div><br \/>\n\n<style type=\"text\/css\" data-created_by=\"avia_inline_auto\" id=\"style-css-av-jyhlfad6-6beb03645478b9c19f3ede16ff82d7dc\">\n#top .av_textblock_section.av-jyhlfad6-6beb03645478b9c19f3ede16ff82d7dc .avia_textblock{\ncolor:#717171;\n}\n<\/style>\n<section  class='av_textblock_section av-jyhlfad6-6beb03645478b9c19f3ede16ff82d7dc '   itemscope=\"itemscope\" itemtype=\"https:\/\/schema.org\/CreativeWork\" ><div class='avia_textblock av_inherit_color'  itemprop=\"text\" ><p>E\u2019 l\u2019approccio che seguiamo in tutto ci\u00f2 che facciamo, poich\u00e9 non c\u2019\u00e8 attivit\u00e0 lavorativa che non possa &#8211; e non debba &#8211; essere svolta in sicurezza. Non esistono eccezioni alla regola. Agire in sicurezza in ogni attivit\u00e0 a partire dalla progettazione all\u2019esercizio degli impianti. Ognuno \u00e8 responsabile per la sicurezza propria, dei propri colleghi e di coloro che gli\/le stanno accanto.<\/p>\n<\/div><\/section><\/p><\/div><\/div><!--close column table wrapper. Autoclose: 1 -->\n\n<\/div><\/div><\/div><!-- close content main div --><\/div><\/div><div id='av_section_5'  class='avia-section av-16908-572b864f4770bc082dbd965153ed1b87 main_color avia-section-default avia-no-border-styling  avia-builder-el-21  el_after_av_section  avia-builder-el-last  values-row values-first-row full-width-section-mobile avia-bg-style-scroll container_wrap fullsize'  ><div class='container av-section-cont-open' ><div class='template-page content  av-content-full alpha units'><div class='post-entry post-entry-type-page post-entry-767'><div class='entry-content-wrapper clearfix'>\n<div class='flex_column_table av-jyhldi4g-96133a26b604accdca574816eed886e5 sc-av_one_half av-equal-height-column-flextable'>\n<style type=\"text\/css\" data-created_by=\"avia_inline_auto\" id=\"style-css-av-jyhldi4g-96133a26b604accdca574816eed886e5\">\n.flex_column.av-jyhldi4g-96133a26b604accdca574816eed886e5{\nborder-radius:0px 0px 0px 0px;\npadding:0px 0px 0px 0px;\nbackground-color:#fafafa;\n}\n<\/style>\n<div  class='flex_column av-jyhldi4g-96133a26b604accdca574816eed886e5 av_one_half  avia-builder-el-22  el_before_av_one_half  avia-builder-el-first  values-column first flex_column_table_cell av-equal-height-column av-align-top av-animated-generic left-to-right av-zero-column-padding  '     ><p>\n<style type=\"text\/css\" data-created_by=\"avia_inline_auto\" id=\"style-css-av-jyhldyyn-d53a591027f3411695a7dbc33c18ee7c\">\n.avia-image-container.av-jyhldyyn-d53a591027f3411695a7dbc33c18ee7c img.avia_image{\nbox-shadow:none;\n}\n.avia-image-container.av-jyhldyyn-d53a591027f3411695a7dbc33c18ee7c .av-image-caption-overlay-center{\ncolor:#ffffff;\n}\n<\/style>\n<div  class='avia-image-container av-jyhldyyn-d53a591027f3411695a7dbc33c18ee7c av-styling- avia-align-center  avia-builder-el-23  el_before_av_heading  avia-builder-el-first '   itemprop=\"image\" itemscope=\"itemscope\" itemtype=\"https:\/\/schema.org\/ImageObject\" ><div class=\"avia-image-container-inner\"><div class=\"avia-image-overlay-wrap\"><img decoding=\"async\" fetchpriority=\"high\" class='wp-image-1013 avia-img-lazy-loading-not-1013 avia_image ' src=\"https:\/\/sedamyl.com\/wp-content\/uploads\/2019\/07\/sm_quality_leader.jpg\" alt='' title='sm_quality_leader'  height=\"637\" width=\"1200\"  itemprop=\"thumbnailUrl\"  \/><\/div><\/div><\/div><br \/>\n\n<style type=\"text\/css\" data-created_by=\"avia_inline_auto\" id=\"style-css-av-av_heading-d8e5065b12dd28f4fd3ac3789137ceea\">\n#top .av-special-heading.av-av_heading-d8e5065b12dd28f4fd3ac3789137ceea{\npadding-bottom:10px;\n}\nbody .av-special-heading.av-av_heading-d8e5065b12dd28f4fd3ac3789137ceea .av-special-heading-tag .heading-char{\nfont-size:25px;\n}\n.av-special-heading.av-av_heading-d8e5065b12dd28f4fd3ac3789137ceea .av-subheading{\nfont-size:15px;\n}\n<\/style>\n<div  class='av-special-heading av-av_heading-d8e5065b12dd28f4fd3ac3789137ceea av-special-heading-h2 blockquote modern-quote  avia-builder-el-24  el_after_av_image  el_before_av_textblock  modified-h1'><h2 class='av-special-heading-tag '  itemprop=\"headline\"  >Leader di qualit\u00e0<\/h2><div class=\"special-heading-border\"><div class=\"special-heading-inner-border\"><\/div><\/div><\/div><br \/>\n\n<style type=\"text\/css\" data-created_by=\"avia_inline_auto\" id=\"style-css-av-jyhlfad6-6beb03645478b9c19f3ede16ff82d7dc\">\n#top .av_textblock_section.av-jyhlfad6-6beb03645478b9c19f3ede16ff82d7dc .avia_textblock{\ncolor:#717171;\n}\n<\/style>\n<section  class='av_textblock_section av-jyhlfad6-6beb03645478b9c19f3ede16ff82d7dc '   itemscope=\"itemscope\" itemtype=\"https:\/\/schema.org\/CreativeWork\" ><div class='avia_textblock av_inherit_color'  itemprop=\"text\" ><p>La qualit\u00e0 dei nostri prodotti non scende a compromessi. La nostra eccellenza \u00e8 stata ripetutamente riconosciuta dal mercato nel corso degli anni. Ci impegniamo costantemente a migliorare i nostri ingredienti e la qualit\u00e0 dei processi produttivi per superare le aspettative dei nostri clienti. I nostri siti produttivi sono certificati FSSC 22:000 riconosciuto da GFSI (Global Food Safety Initiative).<\/p>\n<\/div><\/section><\/p><\/div><div class='av-flex-placeholder'><\/div>\n<style type=\"text\/css\" data-created_by=\"avia_inline_auto\" id=\"style-css-av-jyhldi4g-b431f9c99361e83062f29a99b1f47215\">\n.flex_column.av-jyhldi4g-b431f9c99361e83062f29a99b1f47215{\nborder-radius:0px 0px 0px 0px;\npadding:0px 0px 0px 0px;\nbackground-color:#fafafa;\n}\n<\/style>\n<div  class='flex_column av-jyhldi4g-b431f9c99361e83062f29a99b1f47215 av_one_half  avia-builder-el-26  el_after_av_one_half  avia-builder-el-last  values-column flex_column_table_cell av-equal-height-column av-align-top av-animated-generic right-to-left av-zero-column-padding  '     ><p>\n<style type=\"text\/css\" data-created_by=\"avia_inline_auto\" id=\"style-css-av-jyhldyyn-0f903e1480c7b6f60d0b434852db2b04\">\n.avia-image-container.av-jyhldyyn-0f903e1480c7b6f60d0b434852db2b04 img.avia_image{\nbox-shadow:none;\n}\n.avia-image-container.av-jyhldyyn-0f903e1480c7b6f60d0b434852db2b04 .av-image-caption-overlay-center{\ncolor:#ffffff;\n}\n<\/style>\n<div  class='avia-image-container av-jyhldyyn-0f903e1480c7b6f60d0b434852db2b04 av-styling- avia-align-center  avia-builder-el-27  el_before_av_heading  avia-builder-el-first '   itemprop=\"image\" itemscope=\"itemscope\" itemtype=\"https:\/\/schema.org\/ImageObject\" ><div class=\"avia-image-container-inner\"><div class=\"avia-image-overlay-wrap\"><img decoding=\"async\" fetchpriority=\"high\" class='wp-image-1014 avia-img-lazy-loading-not-1014 avia_image ' src=\"https:\/\/sedamyl.com\/wp-content\/uploads\/2019\/07\/sm_sustainability.jpg\" alt='' title='sm_sustainability'  height=\"639\" width=\"1200\"  itemprop=\"thumbnailUrl\"  \/><\/div><\/div><\/div><br \/>\n\n<style type=\"text\/css\" data-created_by=\"avia_inline_auto\" id=\"style-css-av-av_heading-1c5ac1ab64a578e71cb196097feb0d7e\">\n#top .av-special-heading.av-av_heading-1c5ac1ab64a578e71cb196097feb0d7e{\npadding-bottom:10px;\n}\nbody .av-special-heading.av-av_heading-1c5ac1ab64a578e71cb196097feb0d7e .av-special-heading-tag .heading-char{\nfont-size:25px;\n}\n.av-special-heading.av-av_heading-1c5ac1ab64a578e71cb196097feb0d7e .av-subheading{\nfont-size:15px;\n}\n<\/style>\n<div  class='av-special-heading av-av_heading-1c5ac1ab64a578e71cb196097feb0d7e av-special-heading-h2 blockquote modern-quote  avia-builder-el-28  el_after_av_image  el_before_av_textblock  modified-h1'><h2 class='av-special-heading-tag '  itemprop=\"headline\"  >Sostenibilit\u00e0<\/h2><div class=\"special-heading-border\"><div class=\"special-heading-inner-border\"><\/div><\/div><\/div><br \/>\n\n<style type=\"text\/css\" data-created_by=\"avia_inline_auto\" id=\"style-css-av-jyhlfad6-6beb03645478b9c19f3ede16ff82d7dc\">\n#top .av_textblock_section.av-jyhlfad6-6beb03645478b9c19f3ede16ff82d7dc .avia_textblock{\ncolor:#717171;\n}\n<\/style>\n<section  class='av_textblock_section av-jyhlfad6-6beb03645478b9c19f3ede16ff82d7dc '   itemscope=\"itemscope\" itemtype=\"https:\/\/schema.org\/CreativeWork\" ><div class='avia_textblock av_inherit_color'  itemprop=\"text\" ><p>Dimostriamo il nostro impegno per la Terra investendo costantemente in tecnologie di produzione all&#8217;avanguardia e utilizzando materie prime sostenibili. L&#8217;obiettivo \u00e8 ridurre il pi\u00f9 possibile la produzione di rifiuti durante i nostri processi produttivi. \u00c8 per questi motivi che i nostri prodotti hanno un impatto ambientale molto basso.<\/p>\n<\/div><\/section><\/p><\/div><\/div><!--close column table wrapper. Autoclose: 1 -->\n","protected":false},"excerpt":{"rendered":"","protected":false},"author":1,"featured_media":0,"parent":0,"menu_order":0,"comment_status":"closed","ping_status":"closed","template":"","meta":{"_acf_changed":false,"footnotes":""},"class_list":["post-767","page","type-page","status-publish","hentry"],"acf":[],"aioseo_notices":[],"_links":{"self":[{"href":"https:\/\/sedamyl.com\/it\/wp-json\/wp\/v2\/pages\/767","targetHints":{"allow":["GET"]}}],"collection":[{"href":"https:\/\/sedamyl.com\/it\/wp-json\/wp\/v2\/pages"}],"about":[{"href":"https:\/\/sedamyl.com\/it\/wp-json\/wp\/v2\/types\/page"}],"author":[{"embeddable":true,"href":"https:\/\/sedamyl.com\/it\/wp-json\/wp\/v2\/users\/1"}],"replies":[{"embeddable":true,"href":"https:\/\/sedamyl.com\/it\/wp-json\/wp\/v2\/comments?post=767"}],"version-history":[{"count":10,"href":"https:\/\/sedamyl.com\/it\/wp-json\/wp\/v2\/pages\/767\/revisions"}],"predecessor-version":[{"id":6093,"href":"https:\/\/sedamyl.com\/it\/wp-json\/wp\/v2\/pages\/767\/revisions\/6093"}],"wp:attachment":[{"href":"https:\/\/sedamyl.com\/it\/wp-json\/wp\/v2\/media?parent=767"}],"curies":[{"name":"wp","href":"https:\/\/api.w.org\/{rel}","templated":true}]}}